{"id":8233,"date":"2024-07-17T19:00:39","date_gmt":"2024-07-17T17:00:39","guid":{"rendered":"https:\/\/mystiqmerlya.com\/hologrammi-meetod-leht\/"},"modified":"2025-11-28T19:56:25","modified_gmt":"2025-11-28T17:56:25","slug":"holograafilised-sessioonid","status":"publish","type":"page","link":"https:\/\/mystiqmerlya.com\/et\/holograafilised-sessioonid\/","title":{"rendered":"Holograafilised sessioonid"},"content":{"rendered":"\t\t<div data-elementor-type=\"wp-page\" data-elementor-id=\"8233\" class=\"elementor elementor-8233 elementor-8231\" data-elementor-post-type=\"page\">\n\t\t\t\t<div class=\"elementor-element elementor-element-f60ab65 e-flex e-con-boxed e-con e-parent\" data-id=\"f60ab65\" data-element_type=\"container\" data-e-type=\"container\">\n\t\t\t\t\t<div class=\"e-con-inner\">\n\t\t\t\t<div class=\"elementor-element elementor-element-4512e43 elementor-widget elementor-widget-image\" data-id=\"4512e43\" data-element_type=\"widget\" data-e-type=\"widget\" data-widget_type=\"image.default\">\n\t\t\t\t<div class=\"elementor-widget-container\">\n\t\t\t\t\t\t\t\t\t\t\t\t\t\t\t<img fetchpriority=\"high\" decoding=\"async\" width=\"1024\" height=\"420\" src=\"https:\/\/mystiqmerlya.com\/wp-content\/uploads\/2025\/11\/Merilini-FB-profiil-1024x420.jpg\" class=\"attachment-large size-large wp-image-10354\" alt=\"Merlya\" srcset=\"https:\/\/mystiqmerlya.com\/wp-content\/uploads\/2025\/11\/Merilini-FB-profiil-1024x420.jpg 1024w, https:\/\/mystiqmerlya.com\/wp-content\/uploads\/2025\/11\/Merilini-FB-profiil-300x123.jpg 300w, https:\/\/mystiqmerlya.com\/wp-content\/uploads\/2025\/11\/Merilini-FB-profiil-768x315.jpg 768w, https:\/\/mystiqmerlya.com\/wp-content\/uploads\/2025\/11\/Merilini-FB-profiil-1536x630.jpg 1536w, https:\/\/mystiqmerlya.com\/wp-content\/uploads\/2025\/11\/Merilini-FB-profiil.jpg 1920w\" sizes=\"(max-width: 1024px) 100vw, 1024px\" \/>\t\t\t\t\t\t\t\t\t\t\t\t\t\t\t<\/div>\n\t\t\t\t<\/div>\n\t\t\t\t<div class=\"elementor-element elementor-element-7701fe7 elementor-widget elementor-widget-text-editor\" data-id=\"7701fe7\" data-element_type=\"widget\" data-e-type=\"widget\" data-widget_type=\"text-editor.default\">\n\t\t\t\t<div class=\"elementor-widget-container\">\n\t\t\t\t\t\t\t\t\t<p>Holograafiline meetod on \u00fclimalt t\u00e4pne ja t\u00f5hus meetod, et tuvastada ja muuta alateadlikke mustreid. T\u00e4nu sellele on v\u00f5imalik tuua oma ellu m\u00e4rkimisv\u00e4\u00e4rseid muutusi, mida erinevad sisemised alateadlikud hirmud on siiani tagasi hoidnud.<br \/>T\u00e4nu sellele s\u00fcsteemile on v\u00f5imalik kaardistada iga inimese individuaalseid negatiivseid alateadvuse mustreid n\u00e4rvis\u00fcsteemi tagasiside testimise abil. Sessiooni k\u00e4igus mustrid kaardistatakse ja nende m\u00f5ju kl\u00f5petatakse. Tulemuseks on positiivsed muutused:<\/p><ul><li>rohkem energiat<\/li><li>suurenenud loovus<\/li><li>parem fookus<\/li><li>elur\u00f5\u00f5m<\/li><li>t\u00f6\u00f6v\u00f5ime<\/li><li>parem tervis<\/li><li>kohalolu erinevates tegevustes<\/li><\/ul><p>Individuaalne holograafiline sessioon toimub \u00fcle interneti Zoom-i teel. <br \/>Osalemiseks on vajalikud stabiilne interneti\u00fchendus, kaameraga arvuti (v\u00f5i nutiseade) ja rahulik m\u00fcravaba keskkond.<\/p><p>Sessioon kestab umbes 1.5 tundi. <br \/>Kuna alateadvuses paiknevad probleemid tavaliselt kihtidena, on oluliste k\u00fcsimuste s\u00fcvitsi lahendamiseks soovitatav teha v\u00e4hemalt 4-5 sessiooni.<\/p>\t\t\t\t\t\t\t\t<\/div>\n\t\t\t\t<\/div>\n\t\t\t\t\t<\/div>\n\t\t\t\t<\/div>\n\t\t\t\t<\/div>\n\t\t","protected":false},"excerpt":{"rendered":"<p>Holograafiline meetod on \u00fclimalt t\u00e4pne ja t\u00f5hus meetod, et tuvastada ja muuta alateadlikke mustreid. T\u00e4nu sellele on v\u00f5imalik tuua oma ellu m\u00e4rkimisv\u00e4\u00e4rseid muutusi, mida erinevad sisemised alateadlikud hirmud on siiani tagasi hoidnud.T\u00e4nu sellele s\u00fcsteemile on v\u00f5imalik kaardistada iga inimese individuaalseid negatiivseid alateadvuse mustreid n\u00e4rvis\u00fcsteemi tagasiside testimise abil. Sessiooni k\u00e4igus mustrid kaardistatakse ja nende m\u00f5ju kl\u00f5petatakse&#8230;.<\/p>\n","protected":false},"author":3,"featured_media":0,"parent":0,"menu_order":0,"comment_status":"closed","ping_status":"closed","template":"","meta":{"_angie_page":false,"om_disable_all_campaigns":false,"_monsterinsights_skip_tracking":false,"_monsterinsights_sitenote_active":false,"_monsterinsights_sitenote_note":"","_monsterinsights_sitenote_category":0,"_uf_show_specific_survey":0,"_uf_disable_surveys":false,"_kad_post_transparent":"","_kad_post_title":"hide","_kad_post_layout":"fullwidth","_kad_post_sidebar_id":"","_kad_post_content_style":"unboxed","_kad_post_vertical_padding":"hide","_kad_post_feature":"hide","_kad_post_feature_position":"","_kad_post_header":false,"_kad_post_footer":false,"_kad_post_classname":"","footnotes":""},"class_list":["post-8233","page","type-page","status-publish","hentry"],"yoast_head":"<!-- This site is optimized with the Yoast SEO plugin v27.4 - https:\/\/yoast.com\/product\/yoast-seo-wordpress\/ -->\n<title>Holograafilised sessioonid - Mystiq &amp; Merlya - Healing vibrations<\/title>\n<meta name=\"description\" content=\"Teadlik holograafiline kodeerimine\" \/>\n<meta name=\"robots\" content=\"index, follow, max-snippet:-1, max-image-preview:large, max-video-preview:-1\" \/>\n<link rel=\"canonical\" href=\"https:\/\/mystiqmerlya.com\/et\/holograafilised-sessioonid\/\" \/>\n<meta property=\"og:locale\" content=\"et_EE\" \/>\n<meta property=\"og:type\" content=\"article\" \/>\n<meta property=\"og:title\" content=\"Holograafilised sessioonid - Mystiq &amp; Merlya - Healing vibrations\" \/>\n<meta property=\"og:description\" content=\"Teadlik holograafiline kodeerimine\" \/>\n<meta property=\"og:url\" content=\"https:\/\/mystiqmerlya.com\/et\/holograafilised-sessioonid\/\" \/>\n<meta property=\"og:site_name\" content=\"Mystiq &amp; Merlya - Healing vibrations\" \/>\n<meta property=\"article:publisher\" content=\"https:\/\/www.facebook.com\/mystiqmerlya\" \/>\n<meta property=\"article:modified_time\" content=\"2025-11-28T17:56:25+00:00\" \/>\n<meta property=\"og:image\" content=\"https:\/\/mystiqmerlya.com\/wp-content\/uploads\/2025\/11\/Merilini-FB-profiil.jpg\" \/>\n\t<meta property=\"og:image:width\" content=\"1920\" \/>\n\t<meta property=\"og:image:height\" content=\"787\" \/>\n\t<meta property=\"og:image:type\" content=\"image\/jpeg\" \/>\n<meta name=\"twitter:card\" content=\"summary_large_image\" \/>\n<meta name=\"twitter:label1\" content=\"Est. reading time\" \/>\n\t<meta name=\"twitter:data1\" content=\"1 minut\" \/>\n<script type=\"application\/ld+json\" class=\"yoast-schema-graph\">{\"@context\":\"https:\\\/\\\/schema.org\",\"@graph\":[{\"@type\":\"WebPage\",\"@id\":\"https:\\\/\\\/mystiqmerlya.com\\\/et\\\/holograafilised-sessioonid\\\/\",\"url\":\"https:\\\/\\\/mystiqmerlya.com\\\/et\\\/holograafilised-sessioonid\\\/\",\"name\":\"Holograafilised sessioonid - Mystiq &amp; Merlya - Healing vibrations\",\"isPartOf\":{\"@id\":\"https:\\\/\\\/mystiqmerlya.com\\\/et\\\/#website\"},\"primaryImageOfPage\":{\"@id\":\"https:\\\/\\\/mystiqmerlya.com\\\/et\\\/holograafilised-sessioonid\\\/#primaryimage\"},\"image\":{\"@id\":\"https:\\\/\\\/mystiqmerlya.com\\\/et\\\/holograafilised-sessioonid\\\/#primaryimage\"},\"thumbnailUrl\":\"https:\\\/\\\/mystiqmerlya.com\\\/wp-content\\\/uploads\\\/2025\\\/11\\\/Merilini-FB-profiil-1024x420.jpg\",\"datePublished\":\"2024-07-17T17:00:39+00:00\",\"dateModified\":\"2025-11-28T17:56:25+00:00\",\"description\":\"Teadlik holograafiline kodeerimine\",\"breadcrumb\":{\"@id\":\"https:\\\/\\\/mystiqmerlya.com\\\/et\\\/holograafilised-sessioonid\\\/#breadcrumb\"},\"inLanguage\":\"et\",\"potentialAction\":[{\"@type\":\"ReadAction\",\"target\":[\"https:\\\/\\\/mystiqmerlya.com\\\/et\\\/holograafilised-sessioonid\\\/\"]}]},{\"@type\":\"ImageObject\",\"inLanguage\":\"et\",\"@id\":\"https:\\\/\\\/mystiqmerlya.com\\\/et\\\/holograafilised-sessioonid\\\/#primaryimage\",\"url\":\"https:\\\/\\\/mystiqmerlya.com\\\/wp-content\\\/uploads\\\/2025\\\/11\\\/Merilini-FB-profiil-1024x420.jpg\",\"contentUrl\":\"https:\\\/\\\/mystiqmerlya.com\\\/wp-content\\\/uploads\\\/2025\\\/11\\\/Merilini-FB-profiil-1024x420.jpg\"},{\"@type\":\"BreadcrumbList\",\"@id\":\"https:\\\/\\\/mystiqmerlya.com\\\/et\\\/holograafilised-sessioonid\\\/#breadcrumb\",\"itemListElement\":[{\"@type\":\"ListItem\",\"position\":1,\"name\":\"Home\",\"item\":\"https:\\\/\\\/mystiqmerlya.com\\\/et\\\/\"},{\"@type\":\"ListItem\",\"position\":2,\"name\":\"Holograafilised sessioonid\"}]},{\"@type\":\"WebSite\",\"@id\":\"https:\\\/\\\/mystiqmerlya.com\\\/et\\\/#website\",\"url\":\"https:\\\/\\\/mystiqmerlya.com\\\/et\\\/\",\"name\":\"Mystiq & Merlya - Healing vibrations\",\"description\":\"Courses, services, events, and materials about healing vibrations.\",\"publisher\":{\"@id\":\"https:\\\/\\\/mystiqmerlya.com\\\/et\\\/#organization\"},\"potentialAction\":[{\"@type\":\"SearchAction\",\"target\":{\"@type\":\"EntryPoint\",\"urlTemplate\":\"https:\\\/\\\/mystiqmerlya.com\\\/et\\\/?s={search_term_string}\"},\"query-input\":{\"@type\":\"PropertyValueSpecification\",\"valueRequired\":true,\"valueName\":\"search_term_string\"}}],\"inLanguage\":\"et\"},{\"@type\":\"Organization\",\"@id\":\"https:\\\/\\\/mystiqmerlya.com\\\/et\\\/#organization\",\"name\":\"Mystiq & Merlya - Healing vibrations\",\"url\":\"https:\\\/\\\/mystiqmerlya.com\\\/et\\\/\",\"logo\":{\"@type\":\"ImageObject\",\"inLanguage\":\"et\",\"@id\":\"https:\\\/\\\/mystiqmerlya.com\\\/et\\\/#\\\/schema\\\/logo\\\/image\\\/\",\"url\":\"https:\\\/\\\/mystiqmerlya.com\\\/wp-content\\\/uploads\\\/2022\\\/10\\\/Copy-of-Pink-and-Purple-Heart-Health-Facebook-Profile-Frame-Logo.png\",\"contentUrl\":\"https:\\\/\\\/mystiqmerlya.com\\\/wp-content\\\/uploads\\\/2022\\\/10\\\/Copy-of-Pink-and-Purple-Heart-Health-Facebook-Profile-Frame-Logo.png\",\"width\":350,\"height\":117,\"caption\":\"Mystiq & Merlya - Healing vibrations\"},\"image\":{\"@id\":\"https:\\\/\\\/mystiqmerlya.com\\\/et\\\/#\\\/schema\\\/logo\\\/image\\\/\"},\"sameAs\":[\"https:\\\/\\\/www.facebook.com\\\/mystiqmerlya\"]}]}<\/script>\n<!-- \/ Yoast SEO plugin. -->","yoast_head_json":{"title":"Holograafilised sessioonid - Mystiq &amp; Merlya - Healing vibrations","description":"Teadlik holograafiline kodeerimine","robots":{"index":"index","follow":"follow","max-snippet":"max-snippet:-1","max-image-preview":"max-image-preview:large","max-video-preview":"max-video-preview:-1"},"canonical":"https:\/\/mystiqmerlya.com\/et\/holograafilised-sessioonid\/","og_locale":"et_EE","og_type":"article","og_title":"Holograafilised sessioonid - Mystiq &amp; Merlya - Healing vibrations","og_description":"Teadlik holograafiline kodeerimine","og_url":"https:\/\/mystiqmerlya.com\/et\/holograafilised-sessioonid\/","og_site_name":"Mystiq &amp; Merlya - Healing vibrations","article_publisher":"https:\/\/www.facebook.com\/mystiqmerlya","article_modified_time":"2025-11-28T17:56:25+00:00","og_image":[{"width":1920,"height":787,"url":"https:\/\/mystiqmerlya.com\/wp-content\/uploads\/2025\/11\/Merilini-FB-profiil.jpg","type":"image\/jpeg"}],"twitter_card":"summary_large_image","twitter_misc":{"Est. reading time":"1 minut"},"schema":{"@context":"https:\/\/schema.org","@graph":[{"@type":"WebPage","@id":"https:\/\/mystiqmerlya.com\/et\/holograafilised-sessioonid\/","url":"https:\/\/mystiqmerlya.com\/et\/holograafilised-sessioonid\/","name":"Holograafilised sessioonid - Mystiq &amp; Merlya - Healing vibrations","isPartOf":{"@id":"https:\/\/mystiqmerlya.com\/et\/#website"},"primaryImageOfPage":{"@id":"https:\/\/mystiqmerlya.com\/et\/holograafilised-sessioonid\/#primaryimage"},"image":{"@id":"https:\/\/mystiqmerlya.com\/et\/holograafilised-sessioonid\/#primaryimage"},"thumbnailUrl":"https:\/\/mystiqmerlya.com\/wp-content\/uploads\/2025\/11\/Merilini-FB-profiil-1024x420.jpg","datePublished":"2024-07-17T17:00:39+00:00","dateModified":"2025-11-28T17:56:25+00:00","description":"Teadlik holograafiline kodeerimine","breadcrumb":{"@id":"https:\/\/mystiqmerlya.com\/et\/holograafilised-sessioonid\/#breadcrumb"},"inLanguage":"et","potentialAction":[{"@type":"ReadAction","target":["https:\/\/mystiqmerlya.com\/et\/holograafilised-sessioonid\/"]}]},{"@type":"ImageObject","inLanguage":"et","@id":"https:\/\/mystiqmerlya.com\/et\/holograafilised-sessioonid\/#primaryimage","url":"https:\/\/mystiqmerlya.com\/wp-content\/uploads\/2025\/11\/Merilini-FB-profiil-1024x420.jpg","contentUrl":"https:\/\/mystiqmerlya.com\/wp-content\/uploads\/2025\/11\/Merilini-FB-profiil-1024x420.jpg"},{"@type":"BreadcrumbList","@id":"https:\/\/mystiqmerlya.com\/et\/holograafilised-sessioonid\/#breadcrumb","itemListElement":[{"@type":"ListItem","position":1,"name":"Home","item":"https:\/\/mystiqmerlya.com\/et\/"},{"@type":"ListItem","position":2,"name":"Holograafilised sessioonid"}]},{"@type":"WebSite","@id":"https:\/\/mystiqmerlya.com\/et\/#website","url":"https:\/\/mystiqmerlya.com\/et\/","name":"Mystiq & Merlya - Healing vibrations","description":"Courses, services, events, and materials about healing vibrations.","publisher":{"@id":"https:\/\/mystiqmerlya.com\/et\/#organization"},"potentialAction":[{"@type":"SearchAction","target":{"@type":"EntryPoint","urlTemplate":"https:\/\/mystiqmerlya.com\/et\/?s={search_term_string}"},"query-input":{"@type":"PropertyValueSpecification","valueRequired":true,"valueName":"search_term_string"}}],"inLanguage":"et"},{"@type":"Organization","@id":"https:\/\/mystiqmerlya.com\/et\/#organization","name":"Mystiq & Merlya - Healing vibrations","url":"https:\/\/mystiqmerlya.com\/et\/","logo":{"@type":"ImageObject","inLanguage":"et","@id":"https:\/\/mystiqmerlya.com\/et\/#\/schema\/logo\/image\/","url":"https:\/\/mystiqmerlya.com\/wp-content\/uploads\/2022\/10\/Copy-of-Pink-and-Purple-Heart-Health-Facebook-Profile-Frame-Logo.png","contentUrl":"https:\/\/mystiqmerlya.com\/wp-content\/uploads\/2022\/10\/Copy-of-Pink-and-Purple-Heart-Health-Facebook-Profile-Frame-Logo.png","width":350,"height":117,"caption":"Mystiq & Merlya - Healing vibrations"},"image":{"@id":"https:\/\/mystiqmerlya.com\/et\/#\/schema\/logo\/image\/"},"sameAs":["https:\/\/www.facebook.com\/mystiqmerlya"]}]}},"jetpack_sharing_enabled":true,"_links":{"self":[{"href":"https:\/\/mystiqmerlya.com\/et\/wp-json\/wp\/v2\/pages\/8233","targetHints":{"allow":["GET"]}}],"collection":[{"href":"https:\/\/mystiqmerlya.com\/et\/wp-json\/wp\/v2\/pages"}],"about":[{"href":"https:\/\/mystiqmerlya.com\/et\/wp-json\/wp\/v2\/types\/page"}],"author":[{"embeddable":true,"href":"https:\/\/mystiqmerlya.com\/et\/wp-json\/wp\/v2\/users\/3"}],"replies":[{"embeddable":true,"href":"https:\/\/mystiqmerlya.com\/et\/wp-json\/wp\/v2\/comments?post=8233"}],"version-history":[{"count":20,"href":"https:\/\/mystiqmerlya.com\/et\/wp-json\/wp\/v2\/pages\/8233\/revisions"}],"predecessor-version":[{"id":10358,"href":"https:\/\/mystiqmerlya.com\/et\/wp-json\/wp\/v2\/pages\/8233\/revisions\/10358"}],"wp:attachment":[{"href":"https:\/\/mystiqmerlya.com\/et\/wp-json\/wp\/v2\/media?parent=8233"}],"curies":[{"name":"wp","href":"https:\/\/api.w.org\/{rel}","templated":true}]}}