{"id":4690,"date":"2022-10-11T16:29:50","date_gmt":"2022-10-11T16:29:50","guid":{"rendered":"https:\/\/mystiqmerlya.com\/kohta\/"},"modified":"2024-07-18T15:36:55","modified_gmt":"2024-07-18T15:36:55","slug":"meist-mystiq-merlya","status":"publish","type":"page","link":"https:\/\/mystiqmerlya.com\/et\/meist-mystiq-merlya\/","title":{"rendered":"Meist"},"content":{"rendered":"\t\t<div data-elementor-type=\"wp-page\" data-elementor-id=\"4690\" class=\"elementor elementor-4690 elementor-285\" data-elementor-post-type=\"page\">\n\t\t\t\t\t\t<section class=\"elementor-section elementor-top-section elementor-element elementor-element-21e8aab elementor-section-boxed elementor-section-height-default elementor-section-height-default\" data-id=\"21e8aab\" data-element_type=\"section\" data-e-type=\"section\">\n\t\t\t\t\t\t<div class=\"elementor-container elementor-column-gap-default\">\n\t\t\t\t\t<div class=\"elementor-column elementor-col-50 elementor-top-column elementor-element elementor-element-67aded7\" data-id=\"67aded7\" data-element_type=\"column\" data-e-type=\"column\">\n\t\t\t<div class=\"elementor-widget-wrap elementor-element-populated\">\n\t\t\t\t\t\t<div class=\"elementor-element elementor-element-c59b2e6 elementor-widget elementor-widget-image\" data-id=\"c59b2e6\" data-element_type=\"widget\" data-e-type=\"widget\" data-widget_type=\"image.default\">\n\t\t\t\t<div class=\"elementor-widget-container\">\n\t\t\t\t\t\t\t\t\t\t\t\t\t\t\t<img fetchpriority=\"high\" decoding=\"async\" width=\"1024\" height=\"1024\" src=\"https:\/\/mystiqmerlya.com\/wp-content\/uploads\/2024\/07\/mystiq-1024x1024.png\" class=\"attachment-large size-large wp-image-8064\" alt=\"Mystiq\" srcset=\"https:\/\/mystiqmerlya.com\/wp-content\/uploads\/2024\/07\/mystiq-1024x1024.png 1024w, https:\/\/mystiqmerlya.com\/wp-content\/uploads\/2024\/07\/mystiq-300x300.png 300w, https:\/\/mystiqmerlya.com\/wp-content\/uploads\/2024\/07\/mystiq-150x150.png 150w, https:\/\/mystiqmerlya.com\/wp-content\/uploads\/2024\/07\/mystiq-768x768.png 768w, https:\/\/mystiqmerlya.com\/wp-content\/uploads\/2024\/07\/mystiq.png 1080w\" sizes=\"(max-width: 1024px) 100vw, 1024px\" \/>\t\t\t\t\t\t\t\t\t\t\t\t\t\t\t<\/div>\n\t\t\t\t<\/div>\n\t\t\t\t<div class=\"elementor-element elementor-element-66f09a2 elementor-widget elementor-widget-heading\" data-id=\"66f09a2\" data-element_type=\"widget\" data-e-type=\"widget\" data-widget_type=\"heading.default\">\n\t\t\t\t<div class=\"elementor-widget-container\">\n\t\t\t\t\t<h2 class=\"elementor-heading-title elementor-size-default\">Mystiq<\/h2>\t\t\t\t<\/div>\n\t\t\t\t<\/div>\n\t\t\t\t<div class=\"elementor-element elementor-element-882a4e0 elementor-widget elementor-widget-text-editor\" data-id=\"882a4e0\" data-element_type=\"widget\" data-e-type=\"widget\" data-widget_type=\"text-editor.default\">\n\t\t\t\t<div class=\"elementor-widget-container\">\n\t\t\t\t\t\t\t\t\t<p>Minu nimi on Martti N\u00f5u. <br>Oma holograafilises t\u00f6\u00f6s kasutan ma nime MYSTIQ.<\/p>\n<p><span style=\"color: var(--global-palette4); font-family: var(--global-body-font-family);\">\u00dchel hetkel elus kohtasin Saaremaal Austraaliast p\u00e4rit meest nimega TAYO. Ta viibis ajutiselt Eestis ja \u00fctles kohtumisel, et ta on suurema osa oma elust veetnud inimeste aitamisel hologrammi meetodit kasutades. Ma ei olnud mitte kunagi midagi kuulnud sellest meetodist, kuid see tundus v\u00e4ga huvitav, sest ma olen tuttav paljude erinevate meetoditega. Konstellatsioonid, holistiline teraapia, heliteraapia jne.<\/span><br><\/p>\n<p>Tayo \u00fctles, et ta on selle s\u00fcsteemi ise v\u00e4lja t\u00f6\u00f6tanud enda 30-aastase praktika jooksul. Ta on katsetanud, kaardistanud ja uurinud ning loonud meetodi, mis annab v\u00e4ga h\u00e4id tulemusi nii inimeste vaimsele kui ka f\u00fc\u00fcsilisele tervisele. Kuigi esmapilgul on selles holograafilises s\u00fcsteemis elemente, mis kattuvad teiste praktikatega, on see ainulaadne ja ma olen ikka veel h\u00e4mmastunud selle kiirusest ja t\u00e4psusest.<\/p>\n<p>Teadmata midagi minu taustast, suutis Tayo esimese 10-15 minuti jooksul kasutada hologrammi meetodit, et leida v\u00e4lja minu suurim stressiallikas sel hetkel ja mitte ainult seda, vaid ka t\u00e4pselt tabada, kust see stressimudel oli alguse saanud minu lapsep\u00f5lves ja suutis mind kohe selle mudeli juurde suunata, samuti kustutada. K\u00f5ik, mida ta leidis minu hologrammist minu alateadvuse juhendusel, sai minu jaoks absoluutselt m\u00f5istetavaks ja nii paljud erinevad puslet\u00fckid minu elukogemuses tulid minu jaoks kokku ja pilt muutus palju selgemaks.<\/p>\n<p>\u00dcks minu elu p\u00f5hilisi ja varjatud hirme sai lahenduse ja see juhtus nii, et ma ei pidanud ise midagi \u00fctlema. Mul ei ole lihtne hakata oma tunnetest r\u00e4\u00e4kima ja eriti olukorras, kus mul on hetkel v\u00e4ga aktiivsed tunded. See meetod ei n\u00f5ua pikkade lugude jutustamist ega tunnete surfamist ning sobib kindlasti meestele, ehk paremini kui \u00fckski teine meetod.&nbsp;<span style=\"color: var(--global-palette4); font-family: var(--global-body-font-family);\">Kui tekkis v\u00f5imalus seda meetodit \u00f5ppida, ei m\u00f5elnud ma kaua. T\u00e4na ma praktiseerin ise seda meetodit nii enda peal kui ka aitan igap\u00e4evaselt inimestel sessioonides enda elus muudatusi teha.<\/span><\/p>\n<p><span style=\"color: var(--global-palette4); font-family: var(--global-body-font-family);\">Lisaks praktiseerimise t\u00f6\u00f6le on minu kirg seda meetodit ka teistele edasi anda. Korraldan Eestis selle meetodi kursuseid ja l\u00f6\u00f6n kaasa rahvusvahelisel tasandil selle meetodi kursuse arendamisel.<\/span><\/p>\n<p>Enne hologrammi meetodi ilmumis minu ellu olin ma tegutsenud paljudel erinevatel t\u00f6\u00f6kohtadel. Olen saanud k\u00f5rgema muusikalise hariduse Eesti Muusika- ja Teatriakadeemias. Aastak\u00fcmneid olen tegutsenud muusikuna erinevates kollektiivides. Alates klassikalistest orkestritest l\u00f5petades tantsumuusika b\u00e4ndidega. Olen paljudes erinevate koorides laulnud, t\u00f6\u00f6danud saatejuhina Klassikaraadios, teinud t\u00f6\u00f6d helistuudios salvestaja ja miksijana. Olen teinud \u00fcle saja seade erinevatele koosseisudele v\u00e4ikestest vokaalansamblitest b\u00e4ndide ja orkestriteni.<\/p>\n<p>Lisaks olen olnud \u00f5petaja huvihariduses (noorteb\u00e4ndide juhendaja, puhkpilli orkestri dirigent, instrumendi \u00f5petaja) ja muusikakooli direktor. K\u00f5rgema muusikalise hariduse omandasin trombooni erialal, aga olen eluaeg ka kitarri m\u00e4nginud ja ukulelet ning muid instrumente v\u00e4hesel m\u00e4\u00e4ral.<\/p>\n<p>Mul on ka turunduse taust. T\u00f6\u00f6tasin aastaid e-turunduse valdkonnas projektijuhina erinevates ettev\u00f5tetes nii teostajate poole peal kui ka tellijana klientide poole peal.<\/p>\n<p>Minu vaimset kasvamist on suuresti toetanud minu abikaasa ja teekaaslane Merlya. T\u00e4nu tema v\u00e4simatule liikumisele vaimsel teel olen ka mina saanud inspiratsiooni edasi liikuda ning avastanud endas maastikke, millest mul varem aimugi ei olnud. Selle eest olen talle \u00fclimalt t\u00e4nulik. Ta on mind miljon korda n\u00e4rvi ajanud, aga ega ma ise ka mingi ingel pole olnud. Me oleme koos palju \u00fcle ja l\u00e4bi elanud. Elu on muutunud v\u00e4ga p\u00f5nevaks ja huvitavaks. Nii palju on veel avastada ja luua. V\u00e4ga palju p\u00f5nevaid koosloomisi ootab veel ees. Ootame endaga sarnaseid &#8220;hulle&#8221; kaasa looma.<\/p>\t\t\t\t\t\t\t\t<\/div>\n\t\t\t\t<\/div>\n\t\t\t\t\t<\/div>\n\t\t<\/div>\n\t\t\t\t<div class=\"elementor-column elementor-col-50 elementor-top-column elementor-element elementor-element-fef1ea5\" data-id=\"fef1ea5\" data-element_type=\"column\" data-e-type=\"column\">\n\t\t\t<div class=\"elementor-widget-wrap elementor-element-populated\">\n\t\t\t\t\t\t<div class=\"elementor-element elementor-element-b6b5c99 elementor-widget elementor-widget-image\" data-id=\"b6b5c99\" data-element_type=\"widget\" data-e-type=\"widget\" data-widget_type=\"image.default\">\n\t\t\t\t<div class=\"elementor-widget-container\">\n\t\t\t\t\t\t\t\t\t\t\t\t\t\t\t<img decoding=\"async\" width=\"1024\" height=\"1024\" src=\"https:\/\/mystiqmerlya.com\/wp-content\/uploads\/2024\/07\/merlya-1024x1024.png\" class=\"attachment-large size-large wp-image-8062\" alt=\"Merlya\" srcset=\"https:\/\/mystiqmerlya.com\/wp-content\/uploads\/2024\/07\/merlya-1024x1024.png 1024w, https:\/\/mystiqmerlya.com\/wp-content\/uploads\/2024\/07\/merlya-300x300.png 300w, https:\/\/mystiqmerlya.com\/wp-content\/uploads\/2024\/07\/merlya-150x150.png 150w, https:\/\/mystiqmerlya.com\/wp-content\/uploads\/2024\/07\/merlya-768x768.png 768w, https:\/\/mystiqmerlya.com\/wp-content\/uploads\/2024\/07\/merlya.png 1080w\" sizes=\"(max-width: 1024px) 100vw, 1024px\" \/>\t\t\t\t\t\t\t\t\t\t\t\t\t\t\t<\/div>\n\t\t\t\t<\/div>\n\t\t\t\t<div class=\"elementor-element elementor-element-3579fcd elementor-widget elementor-widget-heading\" data-id=\"3579fcd\" data-element_type=\"widget\" data-e-type=\"widget\" data-widget_type=\"heading.default\">\n\t\t\t\t<div class=\"elementor-widget-container\">\n\t\t\t\t\t<h2 class=\"elementor-heading-title elementor-size-default\">Merlya<\/h2>\t\t\t\t<\/div>\n\t\t\t\t<\/div>\n\t\t\t\t<div class=\"elementor-element elementor-element-ca413ce elementor-widget elementor-widget-text-editor\" data-id=\"ca413ce\" data-element_type=\"widget\" data-e-type=\"widget\" data-widget_type=\"text-editor.default\">\n\t\t\t\t<div class=\"elementor-widget-container\">\n\t\t\t\t\t\t\t\t\t<p>Olen \u00f5ppinud professionaalselt muusikat, olen omandanud bakalaureuse- ja magistrikraadi klassikalises muusikas ning olen olnud professionaalne muusik \u00fcle 25 aasta, olles mitmete kooride dirigent, tegelenud h\u00e4\u00e4lega ning olnud ka klaveri\u00f5petaja ja muusikateooria \u00f5petaja lastele ja t\u00e4iskasvanutele.<\/p>\n<p>Kuid 10 aastat tagasi, kui ma peaaegu kaotasin \u00fche oma (ja Mystiqi) lapse, kes oli kolmeaastaselt koomas, kuid paranes t\u00e4ielikult, sundis mind oma elus asju drastiliselt muutma. Ma hindasin paljud asjad \u00fcmber ja m\u00f5tlesin uuesti, miks ma tegin neid asju, mida ma tegin, ja mida ma tegelikult oma elus teha tahtsin.  <br \/>See oli minu jaoks t\u00f5esti v\u00e4ga h\u00e4iriv aeg ja siis hakkasin \u00f5ppima uut ametit, mis t\u00e4hendas palju erinevaid teraapiaid. Alustasin kristalliteraapiaga, sest mind on alati k\u00f6itnud kivid ja kristallid, ja seej\u00e4rel ps\u00fchhoteraapia, regressiooniteraapia, EFT ja ravimine k\u00e4tega, Theatahealing, Sound Healing ja nii edasi. Igasugused erinevad ravimeetodid. Ma uurisin neid, sest see oli mulle huvitav ja kuna see oli viis, mis aitas mul oma probleemidest ja traumadest \u00fcle saada.<\/p>\n<p>N\u00fc\u00fcd olen kaheksa aastat olnud teiste terapeut ja v\u00f5in teistele edasi anda meetodeid, mida kasutasin enda aitamiseks.<\/p>\n<p>N\u00fc\u00fcd \u00fchendan ma k\u00f5ik need erinevad teraapiad ja aitan inimesi v\u00e4ga erinevate probleemidega.<br \/>Ma usun t\u00f5esti vibratsiooniteraapiasse, sest ma olen muusik ja olen kogu oma elu t\u00f6\u00f6tanud sageduste ja vibratsioonidega. Alustasin klaveri\u00f5ppega 6-aastaselt ja oli \u00fcsna loogiline, et \u00fchel p\u00e4eval \u00fchendan muusika, heli ja teraapia. Teraapias t\u00f6\u00f6tan rohkem helidega ja v\u00e4hem klassikalise muusikaga.<\/p>\n<p>Praeguseks olen l\u00f5petanud muusika \u00f5petamise ja kooride dirigeerimise ning olen p\u00f6\u00f6ranud oma t\u00e4helepanu rohkem teraapiat\u00f6\u00f6le ja kursuste andmisele. Nagu ma juba \u00fctlesin, kombineerin erinevaid ravimeetodeid omavahel. Need on justkui t\u00f6\u00f6riistad, mida saan kasutada mis tahes probleemi puhul, mis tekib mul endal v\u00f5i kliendil. Kuid minu lemmikteraapia on praegu HHOS (Holographic Human Operating System), mis ei ole veel laialdaselt tuntud, kuid on v\u00e4ga lihtne, t\u00e4pne ja t\u00f5hus.<\/p>\n<p>Olen seda s\u00fcsteemi ise kasutanud ja t\u00e4nu sellele meetodile olen teinud nii palju suuri muutusi. V\u00f5in t\u00f5esti \u00f6elda, et see s\u00fcsteem on aidanud mul v\u00e4ga t\u00f5husalt leida varajasi programme, mis takistasid mind elamast t\u00e4isv\u00e4\u00e4rtuslikku elu. Ja see on n\u00fc\u00fcd muutus t\u00e4ielikult ja j\u00e4\u00e4davalt.<\/p>\n<p>Olen teinud tohutuid muutusi ja transformatsioone k\u00f5igis oma eluvaldkondades. Olen \u00fcletanud \u00fcsna t\u00f5siseid terviseprobleeme ja m\u00f5ned kroonilised haigused. Olen olnud oma abikaasaga suhtes alates 16. eluaastast ning me oleme \u00fcletanud v\u00e4ga palju takistusi ja probleeme, mis on ajanud enamiku paare lahku, kuid mis on teinud meid ja meie suhet tugevamaks. Ma olen toime tulnud paljude kaotustega ja ma olen v\u00f5idelnud vaesusega. Ma olen oma elus mitu korda tundnud, et olen t\u00e4iesti l\u00f5ksus, ja ma soovin, et ma ei tuleks siia maailma. Kuid ma olen alati leidnud lootust ja sisemist j\u00f5udu, et mitte lahkuda varem, kui mu K\u00f5rgem Mina on planeerinud. N\u00fc\u00fcd, kui ma tunnen taas oma sisemist j\u00f5udu, tean, et selles elus on nii palju huvitavaid ja h\u00e4mmastavaid asju, mida teha, ja et on p\u00f5hjus, miks ma siia tulin.<\/p>\n<p>Ma tunnen, et maailmas on nii palju inimesi, kellel on elus samad katsumused ja v\u00f5itlused, mis mul on olnud.  <br \/>Seega tahan ma n\u00e4idata teile, kuidas te saate end aidata nendega toime tulla. Kuidas leida taas oma j\u00f5ud, l\u00f5petada endile hinnangute andmine ja hakata ennast armastama sellisena, nagu sa oled. Ma tean, et nii paljudel teist on enesev\u00e4\u00e4rtusega seotud probleeme, nagu minul oli, ja ma tahan teile \u00f5petada, kuidas olla iseendaga \u00f5rnalt ja kuidas saada omaenda j\u00f5udu, et taas jalule saada. Kuidas nautida elu siin maa peal ja v\u00f5ib-olla anda oma teadmisi edasi teistele.<br \/>Nii et kui te tunnete seda seost v\u00f5i olete leidnud tee siia, et seda lugeda, siis on see t\u00f5en\u00e4oliselt m\u00e4rk meie seotusest mingil moel.  <\/p>\n\t\t\t\t\t\t\t\t<\/div>\n\t\t\t\t<\/div>\n\t\t\t\t\t<\/div>\n\t\t<\/div>\n\t\t\t\t\t<\/div>\n\t\t<\/section>\n\t\t\t\t<\/div>\n\t\t","protected":false},"excerpt":{"rendered":"<p>Mystiq Minu nimi on Martti N\u00f5u. Oma holograafilises t\u00f6\u00f6s kasutan ma nime MYSTIQ. \u00dchel hetkel elus kohtasin Saaremaal Austraaliast p\u00e4rit meest nimega TAYO. Ta viibis ajutiselt Eestis ja \u00fctles kohtumisel, et ta on suurema osa oma elust veetnud inimeste aitamisel hologrammi meetodit kasutades. Ma ei olnud mitte kunagi midagi kuulnud sellest meetodist, kuid see tundus&#8230;<\/p>\n","protected":false},"author":1,"featured_media":4521,"parent":0,"menu_order":0,"comment_status":"closed","ping_status":"closed","template":"elementor_header_footer","meta":{"_angie_page":false,"om_disable_all_campaigns":false,"_monsterinsights_skip_tracking":false,"_monsterinsights_sitenote_active":false,"_monsterinsights_sitenote_note":"","_monsterinsights_sitenote_category":0,"_uf_show_specific_survey":0,"_uf_disable_surveys":false,"_kad_post_transparent":"","_kad_post_title":"","_kad_post_layout":"","_kad_post_sidebar_id":"","_kad_post_content_style":"","_kad_post_vertical_padding":"","_kad_post_feature":"","_kad_post_feature_position":"","_kad_post_header":false,"_kad_post_footer":false,"_kad_post_classname":"","footnotes":""},"class_list":["post-4690","page","type-page","status-publish","has-post-thumbnail","hentry"],"yoast_head":"<!-- This site is optimized with the Yoast SEO plugin v27.4 - https:\/\/yoast.com\/product\/yoast-seo-wordpress\/ -->\n<title>Meist - Mystiq &amp; Merlya - Healing vibrations<\/title>\n<meta name=\"robots\" content=\"index, follow, max-snippet:-1, max-image-preview:large, max-video-preview:-1\" \/>\n<link rel=\"canonical\" href=\"https:\/\/mystiqmerlya.com\/et\/meist-mystiq-merlya\/\" \/>\n<meta property=\"og:locale\" content=\"et_EE\" \/>\n<meta property=\"og:type\" content=\"article\" \/>\n<meta property=\"og:title\" content=\"Meist - Mystiq &amp; Merlya - Healing vibrations\" \/>\n<meta property=\"og:description\" content=\"Mystiq Minu nimi on Martti N\u00f5u. Oma holograafilises t\u00f6\u00f6s kasutan ma nime MYSTIQ. \u00dchel hetkel elus kohtasin Saaremaal Austraaliast p\u00e4rit meest nimega TAYO. Ta viibis ajutiselt Eestis ja \u00fctles kohtumisel, et ta on suurema osa oma elust veetnud inimeste aitamisel hologrammi meetodit kasutades. Ma ei olnud mitte kunagi midagi kuulnud sellest meetodist, kuid see tundus...\" \/>\n<meta property=\"og:url\" content=\"https:\/\/mystiqmerlya.com\/et\/meist-mystiq-merlya\/\" \/>\n<meta property=\"og:site_name\" content=\"Mystiq &amp; Merlya - Healing vibrations\" \/>\n<meta property=\"article:publisher\" content=\"https:\/\/www.facebook.com\/mystiqmerlya\" \/>\n<meta property=\"article:modified_time\" content=\"2024-07-18T15:36:55+00:00\" \/>\n<meta property=\"og:image\" content=\"https:\/\/mystiqmerlya.com\/wp-content\/uploads\/2022\/10\/About.jpg\" \/>\n\t<meta property=\"og:image:width\" content=\"400\" \/>\n\t<meta property=\"og:image:height\" content=\"380\" \/>\n\t<meta property=\"og:image:type\" content=\"image\/jpeg\" \/>\n<meta name=\"twitter:card\" content=\"summary_large_image\" \/>\n<meta name=\"twitter:label1\" content=\"Est. reading time\" \/>\n\t<meta name=\"twitter:data1\" content=\"7 minutit\" \/>\n<script type=\"application\/ld+json\" class=\"yoast-schema-graph\">{\"@context\":\"https:\\\/\\\/schema.org\",\"@graph\":[{\"@type\":\"WebPage\",\"@id\":\"https:\\\/\\\/mystiqmerlya.com\\\/et\\\/meist-mystiq-merlya\\\/\",\"url\":\"https:\\\/\\\/mystiqmerlya.com\\\/et\\\/meist-mystiq-merlya\\\/\",\"name\":\"Meist - Mystiq &amp; Merlya - Healing vibrations\",\"isPartOf\":{\"@id\":\"https:\\\/\\\/mystiqmerlya.com\\\/et\\\/#website\"},\"primaryImageOfPage\":{\"@id\":\"https:\\\/\\\/mystiqmerlya.com\\\/et\\\/meist-mystiq-merlya\\\/#primaryimage\"},\"image\":{\"@id\":\"https:\\\/\\\/mystiqmerlya.com\\\/et\\\/meist-mystiq-merlya\\\/#primaryimage\"},\"thumbnailUrl\":\"https:\\\/\\\/mystiqmerlya.com\\\/wp-content\\\/uploads\\\/2022\\\/10\\\/About.jpg\",\"datePublished\":\"2022-10-11T16:29:50+00:00\",\"dateModified\":\"2024-07-18T15:36:55+00:00\",\"breadcrumb\":{\"@id\":\"https:\\\/\\\/mystiqmerlya.com\\\/et\\\/meist-mystiq-merlya\\\/#breadcrumb\"},\"inLanguage\":\"et\",\"potentialAction\":[{\"@type\":\"ReadAction\",\"target\":[\"https:\\\/\\\/mystiqmerlya.com\\\/et\\\/meist-mystiq-merlya\\\/\"]}]},{\"@type\":\"ImageObject\",\"inLanguage\":\"et\",\"@id\":\"https:\\\/\\\/mystiqmerlya.com\\\/et\\\/meist-mystiq-merlya\\\/#primaryimage\",\"url\":\"https:\\\/\\\/mystiqmerlya.com\\\/wp-content\\\/uploads\\\/2022\\\/10\\\/About.jpg\",\"contentUrl\":\"https:\\\/\\\/mystiqmerlya.com\\\/wp-content\\\/uploads\\\/2022\\\/10\\\/About.jpg\",\"width\":400,\"height\":380},{\"@type\":\"BreadcrumbList\",\"@id\":\"https:\\\/\\\/mystiqmerlya.com\\\/et\\\/meist-mystiq-merlya\\\/#breadcrumb\",\"itemListElement\":[{\"@type\":\"ListItem\",\"position\":1,\"name\":\"Home\",\"item\":\"https:\\\/\\\/mystiqmerlya.com\\\/et\\\/\"},{\"@type\":\"ListItem\",\"position\":2,\"name\":\"Meist\"}]},{\"@type\":\"WebSite\",\"@id\":\"https:\\\/\\\/mystiqmerlya.com\\\/et\\\/#website\",\"url\":\"https:\\\/\\\/mystiqmerlya.com\\\/et\\\/\",\"name\":\"Mystiq & Merlya - Healing vibrations\",\"description\":\"Courses, services, events, and materials about healing vibrations.\",\"publisher\":{\"@id\":\"https:\\\/\\\/mystiqmerlya.com\\\/et\\\/#organization\"},\"potentialAction\":[{\"@type\":\"SearchAction\",\"target\":{\"@type\":\"EntryPoint\",\"urlTemplate\":\"https:\\\/\\\/mystiqmerlya.com\\\/et\\\/?s={search_term_string}\"},\"query-input\":{\"@type\":\"PropertyValueSpecification\",\"valueRequired\":true,\"valueName\":\"search_term_string\"}}],\"inLanguage\":\"et\"},{\"@type\":\"Organization\",\"@id\":\"https:\\\/\\\/mystiqmerlya.com\\\/et\\\/#organization\",\"name\":\"Mystiq & Merlya - Healing vibrations\",\"url\":\"https:\\\/\\\/mystiqmerlya.com\\\/et\\\/\",\"logo\":{\"@type\":\"ImageObject\",\"inLanguage\":\"et\",\"@id\":\"https:\\\/\\\/mystiqmerlya.com\\\/et\\\/#\\\/schema\\\/logo\\\/image\\\/\",\"url\":\"https:\\\/\\\/mystiqmerlya.com\\\/wp-content\\\/uploads\\\/2022\\\/10\\\/Copy-of-Pink-and-Purple-Heart-Health-Facebook-Profile-Frame-Logo.png\",\"contentUrl\":\"https:\\\/\\\/mystiqmerlya.com\\\/wp-content\\\/uploads\\\/2022\\\/10\\\/Copy-of-Pink-and-Purple-Heart-Health-Facebook-Profile-Frame-Logo.png\",\"width\":350,\"height\":117,\"caption\":\"Mystiq & Merlya - Healing vibrations\"},\"image\":{\"@id\":\"https:\\\/\\\/mystiqmerlya.com\\\/et\\\/#\\\/schema\\\/logo\\\/image\\\/\"},\"sameAs\":[\"https:\\\/\\\/www.facebook.com\\\/mystiqmerlya\"]}]}<\/script>\n<!-- \/ Yoast SEO plugin. -->","yoast_head_json":{"title":"Meist - Mystiq &amp; Merlya - Healing vibrations","robots":{"index":"index","follow":"follow","max-snippet":"max-snippet:-1","max-image-preview":"max-image-preview:large","max-video-preview":"max-video-preview:-1"},"canonical":"https:\/\/mystiqmerlya.com\/et\/meist-mystiq-merlya\/","og_locale":"et_EE","og_type":"article","og_title":"Meist - Mystiq &amp; Merlya - Healing vibrations","og_description":"Mystiq Minu nimi on Martti N\u00f5u. Oma holograafilises t\u00f6\u00f6s kasutan ma nime MYSTIQ. \u00dchel hetkel elus kohtasin Saaremaal Austraaliast p\u00e4rit meest nimega TAYO. Ta viibis ajutiselt Eestis ja \u00fctles kohtumisel, et ta on suurema osa oma elust veetnud inimeste aitamisel hologrammi meetodit kasutades. Ma ei olnud mitte kunagi midagi kuulnud sellest meetodist, kuid see tundus...","og_url":"https:\/\/mystiqmerlya.com\/et\/meist-mystiq-merlya\/","og_site_name":"Mystiq &amp; Merlya - Healing vibrations","article_publisher":"https:\/\/www.facebook.com\/mystiqmerlya","article_modified_time":"2024-07-18T15:36:55+00:00","og_image":[{"width":400,"height":380,"url":"https:\/\/mystiqmerlya.com\/wp-content\/uploads\/2022\/10\/About.jpg","type":"image\/jpeg"}],"twitter_card":"summary_large_image","twitter_misc":{"Est. reading time":"7 minutit"},"schema":{"@context":"https:\/\/schema.org","@graph":[{"@type":"WebPage","@id":"https:\/\/mystiqmerlya.com\/et\/meist-mystiq-merlya\/","url":"https:\/\/mystiqmerlya.com\/et\/meist-mystiq-merlya\/","name":"Meist - Mystiq &amp; Merlya - Healing vibrations","isPartOf":{"@id":"https:\/\/mystiqmerlya.com\/et\/#website"},"primaryImageOfPage":{"@id":"https:\/\/mystiqmerlya.com\/et\/meist-mystiq-merlya\/#primaryimage"},"image":{"@id":"https:\/\/mystiqmerlya.com\/et\/meist-mystiq-merlya\/#primaryimage"},"thumbnailUrl":"https:\/\/mystiqmerlya.com\/wp-content\/uploads\/2022\/10\/About.jpg","datePublished":"2022-10-11T16:29:50+00:00","dateModified":"2024-07-18T15:36:55+00:00","breadcrumb":{"@id":"https:\/\/mystiqmerlya.com\/et\/meist-mystiq-merlya\/#breadcrumb"},"inLanguage":"et","potentialAction":[{"@type":"ReadAction","target":["https:\/\/mystiqmerlya.com\/et\/meist-mystiq-merlya\/"]}]},{"@type":"ImageObject","inLanguage":"et","@id":"https:\/\/mystiqmerlya.com\/et\/meist-mystiq-merlya\/#primaryimage","url":"https:\/\/mystiqmerlya.com\/wp-content\/uploads\/2022\/10\/About.jpg","contentUrl":"https:\/\/mystiqmerlya.com\/wp-content\/uploads\/2022\/10\/About.jpg","width":400,"height":380},{"@type":"BreadcrumbList","@id":"https:\/\/mystiqmerlya.com\/et\/meist-mystiq-merlya\/#breadcrumb","itemListElement":[{"@type":"ListItem","position":1,"name":"Home","item":"https:\/\/mystiqmerlya.com\/et\/"},{"@type":"ListItem","position":2,"name":"Meist"}]},{"@type":"WebSite","@id":"https:\/\/mystiqmerlya.com\/et\/#website","url":"https:\/\/mystiqmerlya.com\/et\/","name":"Mystiq & Merlya - Healing vibrations","description":"Courses, services, events, and materials about healing vibrations.","publisher":{"@id":"https:\/\/mystiqmerlya.com\/et\/#organization"},"potentialAction":[{"@type":"SearchAction","target":{"@type":"EntryPoint","urlTemplate":"https:\/\/mystiqmerlya.com\/et\/?s={search_term_string}"},"query-input":{"@type":"PropertyValueSpecification","valueRequired":true,"valueName":"search_term_string"}}],"inLanguage":"et"},{"@type":"Organization","@id":"https:\/\/mystiqmerlya.com\/et\/#organization","name":"Mystiq & Merlya - Healing vibrations","url":"https:\/\/mystiqmerlya.com\/et\/","logo":{"@type":"ImageObject","inLanguage":"et","@id":"https:\/\/mystiqmerlya.com\/et\/#\/schema\/logo\/image\/","url":"https:\/\/mystiqmerlya.com\/wp-content\/uploads\/2022\/10\/Copy-of-Pink-and-Purple-Heart-Health-Facebook-Profile-Frame-Logo.png","contentUrl":"https:\/\/mystiqmerlya.com\/wp-content\/uploads\/2022\/10\/Copy-of-Pink-and-Purple-Heart-Health-Facebook-Profile-Frame-Logo.png","width":350,"height":117,"caption":"Mystiq & Merlya - Healing vibrations"},"image":{"@id":"https:\/\/mystiqmerlya.com\/et\/#\/schema\/logo\/image\/"},"sameAs":["https:\/\/www.facebook.com\/mystiqmerlya"]}]}},"jetpack_sharing_enabled":true,"_links":{"self":[{"href":"https:\/\/mystiqmerlya.com\/et\/wp-json\/wp\/v2\/pages\/4690","targetHints":{"allow":["GET"]}}],"collection":[{"href":"https:\/\/mystiqmerlya.com\/et\/wp-json\/wp\/v2\/pages"}],"about":[{"href":"https:\/\/mystiqmerlya.com\/et\/wp-json\/wp\/v2\/types\/page"}],"author":[{"embeddable":true,"href":"https:\/\/mystiqmerlya.com\/et\/wp-json\/wp\/v2\/users\/1"}],"replies":[{"embeddable":true,"href":"https:\/\/mystiqmerlya.com\/et\/wp-json\/wp\/v2\/comments?post=4690"}],"version-history":[{"count":11,"href":"https:\/\/mystiqmerlya.com\/et\/wp-json\/wp\/v2\/pages\/4690\/revisions"}],"predecessor-version":[{"id":8277,"href":"https:\/\/mystiqmerlya.com\/et\/wp-json\/wp\/v2\/pages\/4690\/revisions\/8277"}],"wp:featuredmedia":[{"embeddable":true,"href":"https:\/\/mystiqmerlya.com\/et\/wp-json\/wp\/v2\/media\/4521"}],"wp:attachment":[{"href":"https:\/\/mystiqmerlya.com\/et\/wp-json\/wp\/v2\/media?parent=4690"}],"curies":[{"name":"wp","href":"https:\/\/api.w.org\/{rel}","templated":true}]}}